{"id":326,"date":"2020-04-15T22:01:44","date_gmt":"2020-04-15T22:01:44","guid":{"rendered":"http:\/\/paco.millenium-webs.es\/?page_id=326"},"modified":"2020-11-29T19:15:25","modified_gmt":"2020-11-29T19:15:25","slug":"contacto-2","status":"publish","type":"page","link":"https:\/\/pacocastroruiz.com\/ca\/contacto-2","title":{"rendered":"CONTACTE"},"content":{"rendered":"<p>[et_pb_section fb_built=\u00bb1&#8243; admin_label=\u00bbHeader\u00bb _builder_version=\u00bb3.26.3&#8243; background_image=\u00bbhttp:\/\/paco.millenium-webs.es\/wp-content\/uploads\/2020\/03\/psychiatrist_09.jpg\u00bb parallax=\u00bbon\u00bb overflow-x=\u00bbvisible\u00bb overflow-y=\u00bbvisible\u00bb custom_margin=\u00bb40px|40px|40px|40px|false|true\u00bb custom_margin_tablet=\u00bb0px||||false|false\u00bb custom_margin_phone=\u00bb|20px||20px|false|true\u00bb custom_margin_last_edited=\u00bbon|phone\u00bb box_shadow_style=\u00bbpreset3&#8243; box_shadow_vertical=\u00bb100px\u00bb box_shadow_blur=\u00bb200px\u00bb box_shadow_spread=\u00bb-50px\u00bb box_shadow_color=\u00bbrgba(131,146,167,0.32)\u00bb locked=\u00bboff\u00bb][et_pb_row column_structure=\u00bb3_5,2_5&#8243; custom_padding_last_edited=\u00bbon|desktop\u00bb _builder_version=\u00bb4.3.2&#8243; width_tablet=\u00bb\u00bb width_phone=\u00bb90%\u00bb width_last_edited=\u00bbon|phone\u00bb custom_padding=\u00bb100px||||false|false\u00bb custom_padding_tablet=\u00bb60px||60px||true|false\u00bb custom_padding_phone=\u00bb40px||40px||true|false\u00bb][et_pb_column type=\u00bb3_5&#8243; _builder_version=\u00bb3.26.3&#8243; custom_padding=\u00bb||||false|false\u00bb][et_pb_social_media_follow _builder_version=\u00bb4.4.4&#8243; text_orientation=\u00bbcenter\u00bb background_layout=\u00bbdark\u00bb module_alignment=\u00bbright\u00bb custom_margin=\u00bb-56px|||\u00bb custom_margin_tablet=\u00bb\u00bb custom_margin_phone=\u00bb\u00bb custom_margin_last_edited=\u00bbon|desktop\u00bb animation_style=\u00bbfade\u00bb border_radii=\u00bbon|100%|100%|100%|100%\u00bb box_shadow_style=\u00bbpreset1&#8243; box_shadow_blur=\u00bb60px\u00bb locked=\u00bboff\u00bb][et_pb_social_media_follow_network social_network=\u00bbfacebook\u00bb url=\u00bbhttps:\/\/es-es.facebook.com\/constfamsistem\/\u00bb _builder_version=\u00bb4.4.4&#8243; background_color=\u00bb#000000&#8243; custom_margin=\u00bb|10px||10px||true\u00bb custom_padding=\u00bb10px|10px|10px|10px|true|true\u00bb follow_button=\u00bboff\u00bb url_new_window=\u00bbon\u00bb]facebook[\/et_pb_social_media_follow_network][et_pb_social_media_follow_network social_network=\u00bbinstagram\u00bb url=\u00bbhttps:\/\/www.instagram.com\/pacocastroruiz\/\u00bb _builder_version=\u00bb4.4.4&#8243; background_color=\u00bb#000000&#8243; custom_margin=\u00bb|10px||10px||true\u00bb custom_padding=\u00bb10px|10px|10px|10px|true|true\u00bb follow_button=\u00bboff\u00bb url_new_window=\u00bbon\u00bb]instagram[\/et_pb_social_media_follow_network][\/et_pb_social_media_follow][et_pb_text _builder_version=\u00bb4.3.2&#8243; text_font_size=\u00bb17px\u00bb text_line_height=\u00bb1.8em\u00bb header_font=\u00bbTaviraj||||||||\u00bb header_font_size=\u00bb60px\u00bb header_line_height=\u00bb1.2em\u00bb max_width=\u00bb600px\u00bb max_width_last_edited=\u00bboff|desktop\u00bb text_font_size_tablet=\u00bb18px\u00bb text_font_size_phone=\u00bb16px\u00bb text_font_size_last_edited=\u00bbon|tablet\u00bb header_font_size_tablet=\u00bb40px\u00bb header_font_size_phone=\u00bb30px\u00bb header_font_size_last_edited=\u00bbon|desktop\u00bb locked=\u00bboff\u00bb]<\/p>\n<h1>Cont\u00e1ctame<\/h1>\n<p>En este formulario puedes escribirme y te contestar\u00e9 lo antes posible. Si prefieres tambi\u00e9n puedes hacerlo por\u00a0 correo electr\u00f3nico o por tel\u00e9fono.<\/p>\n<p>[\/et_pb_text][et_pb_contact_form success_message=\u00bbMensaje recibido.\u00bb _builder_version=\u00bb4.4.4&#8243; _dynamic_attributes=\u00bblink_option_url\u00bb form_field_background_color=\u00bbrgba(255,255,255,0.8)\u00bb form_field_focus_background_color=\u00bb#ffffff\u00bb form_field_custom_margin=\u00bb||30px||false|false\u00bb form_field_font_size=\u00bb17px\u00bb form_field_line_height=\u00bb1.8em\u00bb custom_button=\u00bbon\u00bb button_text_size=\u00bb16px\u00bb button_text_color=\u00bb#424242&#8243; button_bg_color=\u00bb#8f8f8f\u00bb button_bg_color_gradient_start=\u00bb#946ef4&#8243; button_bg_color_gradient_end=\u00bb#8857f2&#8243; button_bg_color_gradient_direction=\u00bb172deg\u00bb button_border_width=\u00bb0px\u00bb button_border_color=\u00bbrgba(0,0,0,0)\u00bb button_border_radius=\u00bb0px\u00bb button_font=\u00bbHind|600|||||||\u00bb button_custom_padding=\u00bb13px||10px||false|true\u00bb link_option_url=\u00bb@ET-DC@eyJkeW5hbWljIjp0cnVlLCJjb250ZW50IjoicG9zdF9saW5rX3VybCIsInNldHRpbmdzIjp7fX0=@\u00bb box_shadow_style=\u00bbpreset3&#8243; box_shadow_vertical=\u00bb27px\u00bb box_shadow_blur=\u00bb50px\u00bb box_shadow_spread=\u00bb0px\u00bb box_shadow_color=\u00bbrgba(131,146,167,0.2)\u00bb box_shadow_style_button=\u00bbpreset3&#8243; box_shadow_vertical_button=\u00bb10px\u00bb box_shadow_blur_button=\u00bb40px\u00bb box_shadow_color_button=\u00bb#000000&#8243; button_bg_color__hover_enabled=\u00bboff\u00bb][et_pb_contact_field field_id=\u00bbNombre\u00bb field_title=\u00bbNombre\u00bb fullwidth_field=\u00bbon\u00bb _builder_version=\u00bb4.4.4&#8243; button_text_size__hover_enabled=\u00bboff\u00bb button_one_text_size__hover_enabled=\u00bboff\u00bb button_two_text_size__hover_enabled=\u00bboff\u00bb button_text_color__hover_enabled=\u00bboff\u00bb button_one_text_color__hover_enabled=\u00bboff\u00bb button_two_text_color__hover_enabled=\u00bboff\u00bb button_border_width__hover_enabled=\u00bboff\u00bb button_one_border_width__hover_enabled=\u00bboff\u00bb button_two_border_width__hover_enabled=\u00bboff\u00bb button_border_color__hover_enabled=\u00bboff\u00bb button_one_border_color__hover_enabled=\u00bboff\u00bb button_two_border_color__hover_enabled=\u00bboff\u00bb button_border_radius__hover_enabled=\u00bboff\u00bb button_one_border_radius__hover_enabled=\u00bboff\u00bb button_two_border_radius__hover_enabled=\u00bboff\u00bb button_letter_spacing__hover_enabled=\u00bboff\u00bb button_one_letter_spacing__hover_enabled=\u00bboff\u00bb button_two_letter_spacing__hover_enabled=\u00bboff\u00bb button_bg_color__hover_enabled=\u00bboff\u00bb button_one_bg_color__hover_enabled=\u00bboff\u00bb button_two_bg_color__hover_enabled=\u00bboff\u00bb][\/et_pb_contact_field][et_pb_contact_field field_id=\u00bbCorreo_electr\u00f3nico\u00bb field_title=\u00bbCorreo electr\u00f3nico\u00bb field_type=\u00bbemail\u00bb fullwidth_field=\u00bbon\u00bb _builder_version=\u00bb4.4.4&#8243; button_text_size__hover_enabled=\u00bboff\u00bb button_one_text_size__hover_enabled=\u00bboff\u00bb button_two_text_size__hover_enabled=\u00bboff\u00bb button_text_color__hover_enabled=\u00bboff\u00bb button_one_text_color__hover_enabled=\u00bboff\u00bb button_two_text_color__hover_enabled=\u00bboff\u00bb button_border_width__hover_enabled=\u00bboff\u00bb button_one_border_width__hover_enabled=\u00bboff\u00bb button_two_border_width__hover_enabled=\u00bboff\u00bb button_border_color__hover_enabled=\u00bboff\u00bb button_one_border_color__hover_enabled=\u00bboff\u00bb button_two_border_color__hover_enabled=\u00bboff\u00bb button_border_radius__hover_enabled=\u00bboff\u00bb button_one_border_radius__hover_enabled=\u00bboff\u00bb button_two_border_radius__hover_enabled=\u00bboff\u00bb button_letter_spacing__hover_enabled=\u00bboff\u00bb button_one_letter_spacing__hover_enabled=\u00bboff\u00bb button_two_letter_spacing__hover_enabled=\u00bboff\u00bb button_bg_color__hover_enabled=\u00bboff\u00bb button_one_bg_color__hover_enabled=\u00bboff\u00bb button_two_bg_color__hover_enabled=\u00bboff\u00bb][\/et_pb_contact_field][et_pb_contact_field field_id=\u00bbMensage\u00bb field_title=\u00bbMensaje\u00bb field_type=\u00bbtext\u00bb fullwidth_field=\u00bbon\u00bb _builder_version=\u00bb4.4.4&#8243; button_text_size__hover_enabled=\u00bboff\u00bb button_one_text_size__hover_enabled=\u00bboff\u00bb button_two_text_size__hover_enabled=\u00bboff\u00bb button_text_color__hover_enabled=\u00bboff\u00bb button_one_text_color__hover_enabled=\u00bboff\u00bb button_two_text_color__hover_enabled=\u00bboff\u00bb button_border_width__hover_enabled=\u00bboff\u00bb button_one_border_width__hover_enabled=\u00bboff\u00bb button_two_border_width__hover_enabled=\u00bboff\u00bb button_border_color__hover_enabled=\u00bboff\u00bb button_one_border_color__hover_enabled=\u00bboff\u00bb button_two_border_color__hover_enabled=\u00bboff\u00bb button_border_radius__hover_enabled=\u00bboff\u00bb button_one_border_radius__hover_enabled=\u00bboff\u00bb button_two_border_radius__hover_enabled=\u00bboff\u00bb button_letter_spacing__hover_enabled=\u00bboff\u00bb button_one_letter_spacing__hover_enabled=\u00bboff\u00bb button_two_letter_spacing__hover_enabled=\u00bboff\u00bb button_bg_color__hover_enabled=\u00bboff\u00bb button_one_bg_color__hover_enabled=\u00bboff\u00bb button_two_bg_color__hover_enabled=\u00bboff\u00bb][\/et_pb_contact_field][et_pb_contact_field field_id=\u00bbACEPTACI\u00d3N_DE_TRATAMIENTO_DE_DATOS\u00bb field_title=\u00bbAceptaci\u00f3n del tratamiento de los datos\u00bb field_type=\u00bbcheckbox\u00bb checkbox_options=\u00bb%91{%22value%22:%22Si, acepto el tratamiento de mis datos.%22,%22checked%22:0,%22dragID%22:-1}%93&#8243; fullwidth_field=\u00bbon\u00bb _builder_version=\u00bb4.4.4&#8243;][\/et_pb_contact_field][\/et_pb_contact_form][\/et_pb_column][et_pb_column type=\u00bb2_5&#8243; _builder_version=\u00bb4.3.2&#8243; background_color=\u00bb#8f8f8f\u00bb background_color_gradient_direction=\u00bb160deg\u00bb background_enable_image=\u00bboff\u00bb parallax=\u00bbon\u00bb transform_scale_tablet=\u00bb\u00bb transform_scale_phone=\u00bb\u00bb transform_scale_last_edited=\u00bbon|desktop\u00bb transform_translate=\u00bb0px|140px\u00bb transform_translate_tablet=\u00bb0px|0px\u00bb transform_translate_phone=\u00bb\u00bb transform_translate_last_edited=\u00bbon|phone\u00bb transform_translate_linked=\u00bboff\u00bb transform_rotate_last_edited=\u00bboff|desktop\u00bb transform_skew_last_edited=\u00bboff|desktop\u00bb transform_origin_last_edited=\u00bboff|desktop\u00bb transform_styles_last_edited=\u00bbon|phone\u00bb custom_padding=\u00bb80px|50px|80px|50px|true|true\u00bb custom_padding_tablet=\u00bb\u00bb custom_padding_phone=\u00bb20px|20px|20px|20px|true|true\u00bb custom_padding_last_edited=\u00bbon|desktop\u00bb filter_opacity=\u00bb90%\u00bb transform_styles_tablet=\u00bb\u00bb transform_styles_phone=\u00bb\u00bb box_shadow_style=\u00bbpreset3&#8243; box_shadow_vertical=\u00bb24px\u00bb box_shadow_blur=\u00bb88px\u00bb box_shadow_spread=\u00bb-32px\u00bb box_shadow_color=\u00bb#45397f\u00bb][et_pb_text _builder_version=\u00bb3.27.4&#8243; text_font=\u00bbTaviraj|500|||||||\u00bb text_font_size=\u00bb34px\u00bb text_line_height=\u00bb1.8em\u00bb header_3_font=\u00bbTaviraj|600|||||||\u00bb header_3_text_color=\u00bbrgba(255,255,255,0.6)\u00bb header_3_font_size=\u00bb18px\u00bb header_3_line_height=\u00bb1.2em\u00bb background_layout=\u00bbdark\u00bb custom_margin=\u00bb||60px||false|false\u00bb custom_margin_tablet=\u00bb\u00bb custom_margin_phone=\u00bb||30px||false|false\u00bb custom_margin_last_edited=\u00bbon|desktop\u00bb]<\/p>\n<h3>Tel\u00e9fono<\/h3>\n<p>679-956-888<\/p>\n<p>[\/et_pb_text][et_pb_text _builder_version=\u00bb4.3.2&#8243; text_font=\u00bbTaviraj|600|||||||\u00bb text_font_size=\u00bb15px\u00bb text_line_height=\u00bb1.8em\u00bb header_3_font=\u00bbTaviraj|600|||||||\u00bb header_3_text_color=\u00bbrgba(255,255,255,0.6)\u00bb header_3_font_size=\u00bb18px\u00bb header_3_line_height=\u00bb1.2em\u00bb background_layout=\u00bbdark\u00bb custom_margin=\u00bb||60px||false|false\u00bb custom_margin_tablet=\u00bb\u00bb custom_margin_phone=\u00bb||30px||false|false\u00bb custom_margin_last_edited=\u00bbon|desktop\u00bb]<\/p>\n<h3>Correo<\/h3>\n<p>contacto@pacocastroruiz.com<\/p>\n<p>[\/et_pb_text][et_pb_text _builder_version=\u00bb4.3.2&#8243; text_font=\u00bbTaviraj|600|||||||\u00bb text_font_size=\u00bb15px\u00bb text_line_height=\u00bb1.8em\u00bb header_3_font=\u00bbTaviraj|600|||||||\u00bb header_3_text_color=\u00bbrgba(255,255,255,0.6)\u00bb header_3_font_size=\u00bb18px\u00bb header_3_line_height=\u00bb1.2em\u00bb background_layout=\u00bbdark\u00bb custom_margin=\u00bb||60px||false|false\u00bb custom_margin_tablet=\u00bb\u00bb custom_margin_phone=\u00bb||30px||false|false\u00bb custom_margin_last_edited=\u00bbon|desktop\u00bb]<\/p>\n<h3>Horario de atenci\u00f3n:<\/h3>\n<p>Lunes \u2013 Viernes:<\/p>\n<p>8:00-10:00\/14:00-15:00\/20:00-21:00<span>\u00a0<\/span><\/p>\n<p>S\u00e1bado:<\/p>\n<p>9:00-11:00<\/p>\n<p>[\/et_pb_text][\/et_pb_column][\/et_pb_row][\/et_pb_section][et_pb_section fb_built=\u00bb1&#8243; admin_label=\u00bbFAQ\u00bb _builder_version=\u00bb3.26.3&#8243; background_color=\u00bbrgba(0,0,0,0)\u00bb custom_margin=\u00bb|40px||40px|false|true\u00bb custom_margin_tablet=\u00bb\u00bb custom_margin_phone=\u00bb|20px||20px|false|true\u00bb custom_margin_last_edited=\u00bbon|tablet\u00bb custom_padding=\u00bb||140px||false|false\u00bb locked=\u00bboff\u00bb][et_pb_row column_structure=\u00bb1_2,1_2&#8243; _builder_version=\u00bb3.26.3&#8243; background_enable_color=\u00bboff\u00bb][et_pb_column type=\u00bb1_2&#8243; _builder_version=\u00bb3.26&#8243;][et_pb_text _builder_version=\u00bb3.27.4&#8243; text_font_size=\u00bb17px\u00bb text_line_height=\u00bb1.8em\u00bb header_2_font=\u00bbTaviraj||||||||\u00bb header_2_font_size=\u00bb46px\u00bb header_2_line_height=\u00bb1.2em\u00bb custom_padding=\u00bb||||false|false\u00bb custom_padding_tablet=\u00bb|30px||50px|true|false\u00bb custom_padding_phone=\u00bb|30px|||true|false\u00bb custom_padding_last_edited=\u00bboff|tablet\u00bb text_font_size_tablet=\u00bb\u00bb text_font_size_phone=\u00bb15px\u00bb text_font_size_last_edited=\u00bbon|desktop\u00bb header_2_font_size_tablet=\u00bb40px\u00bb header_2_font_size_phone=\u00bb30px\u00bb header_2_font_size_last_edited=\u00bbon|phone\u00bb]<\/p>\n<h2>Consultas<\/h2>\n<p><strong>Consultas en Barcelona:<\/strong><\/p>\n<p>Carrer\u00a0de Avila 82 bajos 1\u00aa<\/p>\n<p>\u00a008005 Barcelona<\/p>\n<p>&nbsp;<\/p>\n<p><strong>Consultas en Ripollet:<\/strong><\/p>\n<p>Carrer de Monturiol, 34b Bajos<\/p>\n<p>\u00a008291 Ripollet<\/p>\n<p>[\/et_pb_text][et_pb_button button_text=\u00bbM\u00e1s acerca de mi\u00bb button_alignment=\u00bbleft\u00bb button_alignment_tablet=\u00bbleft\u00bb button_alignment_phone=\u00bb\u00bb button_alignment_last_edited=\u00bbon|tablet\u00bb _builder_version=\u00bb4.3.2&#8243; custom_button=\u00bbon\u00bb button_text_size=\u00bb16px\u00bb button_text_color=\u00bb#474747&#8243; button_bg_color=\u00bb#a3a3a3&#8243; button_bg_color_gradient_start=\u00bb#4095d6&#8243; button_bg_color_gradient_end=\u00bb#8857f2&#8243; button_bg_color_gradient_direction=\u00bb172deg\u00bb button_border_width=\u00bb0px\u00bb button_border_color=\u00bbrgba(0,0,0,0)\u00bb button_border_radius=\u00bb0px\u00bb button_font=\u00bbHind|600|||||||\u00bb custom_margin_tablet=\u00bb|||50px|false|false\u00bb custom_margin_last_edited=\u00bboff|tablet\u00bb custom_padding=\u00bb13px||10px||false|true\u00bb box_shadow_style=\u00bbpreset3&#8243; box_shadow_vertical=\u00bb10px\u00bb box_shadow_blur=\u00bb40px\u00bb box_shadow_spread=\u00bb-12px\u00bb box_shadow_color=\u00bb#000000&#8243; locked=\u00bboff\u00bb button_bg_color__hover_enabled=\u00bboff\u00bb][\/et_pb_button][\/et_pb_column][et_pb_column type=\u00bb1_2&#8243; _builder_version=\u00bb3.26.3&#8243; background_color=\u00bb#ffffff\u00bb custom_padding=\u00bb20px|20px|20px|20px|true|true\u00bb box_shadow_style=\u00bbpreset3&#8243; box_shadow_vertical=\u00bb0px\u00bb box_shadow_blur=\u00bb50px\u00bb box_shadow_spread=\u00bb0px\u00bb box_shadow_color=\u00bbrgba(131,146,167,0.2)\u00bb][et_pb_accordion open_toggle_background_color=\u00bbrgba(0,0,0,0)\u00bb closed_toggle_background_color=\u00bbrgba(0,0,0,0)\u00bb _builder_version=\u00bb4.4.4&#8243; toggle_text_color=\u00bb#000000&#8243; toggle_font=\u00bbTaviraj|600|||||||\u00bb toggle_line_height=\u00bb1.4em\u00bb body_font_size=\u00bb15px\u00bb body_line_height=\u00bb1.8em\u00bb link_option_url=\u00bb#\u00bb border_width_all=\u00bb0px\u00bb][et_pb_accordion_item title=\u00bbQuieres recibir informaci\u00f3n de forma regular?\u00bb open=\u00bbon\u00bb _builder_version=\u00bb3.26.3&#8243; custom_margin=\u00bb||0px||false|false\u00bb]<\/p>\n<p>Si te interesa recibir m\u00e1s informaci\u00f3n, puedes suscribirte y te enviar\u00e9 mensualmente una relaci\u00f3n de las actividades que lleve a cabo.<\/p>\n<p>[\/et_pb_accordion_item][et_pb_accordion_item title=\u00bbTienes dudas acerca de alguna de mis actividades?\u00bb _builder_version=\u00bb3.26.3&#8243; custom_margin=\u00bb||0px||false|false\u00bb open=\u00bboff\u00bb]<\/p>\n<p>Si quieres m\u00e1s detalles o necesitas ayuda con alguna informaci\u00f3n de la web no dudes en contactarme y resolver\u00e9 tus dudas.<\/p>\n<p>[\/et_pb_accordion_item][et_pb_accordion_item title=\u00bbQuieres acceder a alguna actividad y no sabes como?\u00bb _builder_version=\u00bb3.26.3&#8243; custom_margin=\u00bb||0px||false|false\u00bb open=\u00bboff\u00bb]<\/p>\n<p>Siempre hay una primera vez, y no siempre es f\u00e1cil. Contacta conmigo y yo te acompa\u00f1ar\u00e9 para que tu primer contacto sea m\u00e1s f\u00e1cil.<\/p>\n<p>[\/et_pb_accordion_item][et_pb_accordion_item title=\u00bbTienes alguna sugerencia?\u00bb _builder_version=\u00bb3.26.3&#8243; custom_margin=\u00bb||0px||false|false\u00bb open=\u00bboff\u00bb]<\/p>\n<p>Si tienes cualquier sugerencia, estar\u00e9 encantado de conocerla. Escr\u00edbeme.<\/p>\n<p>[\/et_pb_accordion_item][\/et_pb_accordion][\/et_pb_column][\/et_pb_row][\/et_pb_section]<\/p>\n","protected":false},"excerpt":{"rendered":"<p>Cont\u00e1ctame En este formulario puedes escribirme y te contestar\u00e9 lo antes posible. Si prefieres tambi\u00e9n puedes hacerlo por\u00a0 correo electr\u00f3nico o por tel\u00e9fono.Tel\u00e9fono 679-956-888Correo contacto@pacocastroruiz.comHorario de atenci\u00f3n: Lunes \u2013 Viernes: 8:00-10:00\/14:00-15:00\/20:00-21:00\u00a0 S\u00e1bado: 9:00-11:00Consultas Consultas en Barcelona: Carrer\u00a0de Avila 82 bajos 1\u00aa \u00a008005 Barcelona &nbsp; Consultas en Ripollet: Carrer de Monturiol, 34b Bajos \u00a008291 RipolletSi te [&hellip;]<\/p>\n","protected":false},"author":1,"featured_media":0,"parent":0,"menu_order":5,"comment_status":"closed","ping_status":"closed","template":"","meta":{"_et_pb_use_builder":"on","_et_pb_old_content":"","_et_gb_content_width":"","footnotes":""},"class_list":["post-326","page","type-page","status-publish","hentry"],"yoast_head":"<!-- This site is optimized with the Yoast SEO plugin v27.1.1 - https:\/\/yoast.com\/product\/yoast-seo-wordpress\/ -->\n<title>CONTACTO - PACO<\/title>\n<meta name=\"robots\" content=\"index, follow, max-snippet:-1, max-image-preview:large, max-video-preview:-1\" \/>\n<link rel=\"canonical\" href=\"https:\/\/pacocastroruiz.com\/ca\/contacto-2\/\" \/>\n<meta property=\"og:locale\" content=\"ca_ES\" \/>\n<meta property=\"og:type\" content=\"article\" \/>\n<meta property=\"og:title\" content=\"CONTACTO - PACO\" \/>\n<meta property=\"og:description\" content=\"Cont\u00e1ctame En este formulario puedes escribirme y te contestar\u00e9 lo antes posible. Si prefieres tambi\u00e9n puedes hacerlo por\u00a0 correo electr\u00f3nico o por tel\u00e9fono.Tel\u00e9fono 679-956-888Correo contacto@pacocastroruiz.comHorario de atenci\u00f3n: Lunes \u2013 Viernes: 8:00-10:00\/14:00-15:00\/20:00-21:00\u00a0 S\u00e1bado: 9:00-11:00Consultas Consultas en Barcelona: Carrer\u00a0de Avila 82 bajos 1\u00aa \u00a008005 Barcelona &nbsp; Consultas en Ripollet: Carrer de Monturiol, 34b Bajos \u00a008291 RipolletSi te [&hellip;]\" \/>\n<meta property=\"og:url\" content=\"https:\/\/pacocastroruiz.com\/ca\/contacto-2\/\" \/>\n<meta property=\"og:site_name\" content=\"PACO\" \/>\n<meta property=\"article:modified_time\" content=\"2020-11-29T19:15:25+00:00\" \/>\n<meta name=\"twitter:card\" content=\"summary_large_image\" \/>\n<meta name=\"twitter:label1\" content=\"Temps estimat de lectura\" \/>\n\t<meta name=\"twitter:data1\" content=\"10 minuts\" \/>\n<script type=\"application\/ld+json\" class=\"yoast-schema-graph\">{\"@context\":\"https:\/\/schema.org\",\"@graph\":[{\"@type\":\"WebPage\",\"@id\":\"https:\/\/pacocastroruiz.com\/contacto-2\",\"url\":\"https:\/\/pacocastroruiz.com\/contacto-2\",\"name\":\"CONTACTO - PACO\",\"isPartOf\":{\"@id\":\"https:\/\/pacocastroruiz.com\/#website\"},\"datePublished\":\"2020-04-15T22:01:44+00:00\",\"dateModified\":\"2020-11-29T19:15:25+00:00\",\"breadcrumb\":{\"@id\":\"https:\/\/pacocastroruiz.com\/contacto-2#breadcrumb\"},\"inLanguage\":\"ca\",\"potentialAction\":[{\"@type\":\"ReadAction\",\"target\":[\"https:\/\/pacocastroruiz.com\/contacto-2\"]}]},{\"@type\":\"BreadcrumbList\",\"@id\":\"https:\/\/pacocastroruiz.com\/contacto-2#breadcrumb\",\"itemListElement\":[{\"@type\":\"ListItem\",\"position\":1,\"name\":\"Portada\",\"item\":\"https:\/\/pacocastroruiz.com\/\"},{\"@type\":\"ListItem\",\"position\":2,\"name\":\"CONTACTO\"}]},{\"@type\":\"WebSite\",\"@id\":\"https:\/\/pacocastroruiz.com\/#website\",\"url\":\"https:\/\/pacocastroruiz.com\/\",\"name\":\"PACO\",\"description\":\"Paco Castro Ru\u00edz\",\"potentialAction\":[{\"@type\":\"SearchAction\",\"target\":{\"@type\":\"EntryPoint\",\"urlTemplate\":\"https:\/\/pacocastroruiz.com\/?s={search_term_string}\"},\"query-input\":{\"@type\":\"PropertyValueSpecification\",\"valueRequired\":true,\"valueName\":\"search_term_string\"}}],\"inLanguage\":\"ca\"}]}<\/script>\n<!-- \/ Yoast SEO plugin. -->","yoast_head_json":{"title":"CONTACTO - PACO","robots":{"index":"index","follow":"follow","max-snippet":"max-snippet:-1","max-image-preview":"max-image-preview:large","max-video-preview":"max-video-preview:-1"},"canonical":"https:\/\/pacocastroruiz.com\/ca\/contacto-2\/","og_locale":"ca_ES","og_type":"article","og_title":"CONTACTO - PACO","og_description":"Cont\u00e1ctame En este formulario puedes escribirme y te contestar\u00e9 lo antes posible. Si prefieres tambi\u00e9n puedes hacerlo por\u00a0 correo electr\u00f3nico o por tel\u00e9fono.Tel\u00e9fono 679-956-888Correo contacto@pacocastroruiz.comHorario de atenci\u00f3n: Lunes \u2013 Viernes: 8:00-10:00\/14:00-15:00\/20:00-21:00\u00a0 S\u00e1bado: 9:00-11:00Consultas Consultas en Barcelona: Carrer\u00a0de Avila 82 bajos 1\u00aa \u00a008005 Barcelona &nbsp; Consultas en Ripollet: Carrer de Monturiol, 34b Bajos \u00a008291 RipolletSi te [&hellip;]","og_url":"https:\/\/pacocastroruiz.com\/ca\/contacto-2\/","og_site_name":"PACO","article_modified_time":"2020-11-29T19:15:25+00:00","twitter_card":"summary_large_image","twitter_misc":{"Temps estimat de lectura":"10 minuts"},"schema":{"@context":"https:\/\/schema.org","@graph":[{"@type":"WebPage","@id":"https:\/\/pacocastroruiz.com\/contacto-2","url":"https:\/\/pacocastroruiz.com\/contacto-2","name":"CONTACTO - PACO","isPartOf":{"@id":"https:\/\/pacocastroruiz.com\/#website"},"datePublished":"2020-04-15T22:01:44+00:00","dateModified":"2020-11-29T19:15:25+00:00","breadcrumb":{"@id":"https:\/\/pacocastroruiz.com\/contacto-2#breadcrumb"},"inLanguage":"ca","potentialAction":[{"@type":"ReadAction","target":["https:\/\/pacocastroruiz.com\/contacto-2"]}]},{"@type":"BreadcrumbList","@id":"https:\/\/pacocastroruiz.com\/contacto-2#breadcrumb","itemListElement":[{"@type":"ListItem","position":1,"name":"Portada","item":"https:\/\/pacocastroruiz.com\/"},{"@type":"ListItem","position":2,"name":"CONTACTO"}]},{"@type":"WebSite","@id":"https:\/\/pacocastroruiz.com\/#website","url":"https:\/\/pacocastroruiz.com\/","name":"PACO","description":"Paco Castro Ru\u00edz","potentialAction":[{"@type":"SearchAction","target":{"@type":"EntryPoint","urlTemplate":"https:\/\/pacocastroruiz.com\/?s={search_term_string}"},"query-input":{"@type":"PropertyValueSpecification","valueRequired":true,"valueName":"search_term_string"}}],"inLanguage":"ca"}]}},"_links":{"self":[{"href":"https:\/\/pacocastroruiz.com\/ca\/wp-json\/wp\/v2\/pages\/326","targetHints":{"allow":["GET"]}}],"collection":[{"href":"https:\/\/pacocastroruiz.com\/ca\/wp-json\/wp\/v2\/pages"}],"about":[{"href":"https:\/\/pacocastroruiz.com\/ca\/wp-json\/wp\/v2\/types\/page"}],"author":[{"embeddable":true,"href":"https:\/\/pacocastroruiz.com\/ca\/wp-json\/wp\/v2\/users\/1"}],"replies":[{"embeddable":true,"href":"https:\/\/pacocastroruiz.com\/ca\/wp-json\/wp\/v2\/comments?post=326"}],"version-history":[{"count":36,"href":"https:\/\/pacocastroruiz.com\/ca\/wp-json\/wp\/v2\/pages\/326\/revisions"}],"predecessor-version":[{"id":1523,"href":"https:\/\/pacocastroruiz.com\/ca\/wp-json\/wp\/v2\/pages\/326\/revisions\/1523"}],"wp:attachment":[{"href":"https:\/\/pacocastroruiz.com\/ca\/wp-json\/wp\/v2\/media?parent=326"}],"curies":[{"name":"wp","href":"https:\/\/api.w.org\/{rel}","templated":true}]}}