{"id":324,"date":"2020-04-15T22:01:08","date_gmt":"2020-04-15T22:01:08","guid":{"rendered":"http:\/\/paco.millenium-webs.es\/?page_id=324"},"modified":"2020-05-15T08:57:28","modified_gmt":"2020-05-15T08:57:28","slug":"blog","status":"publish","type":"page","link":"https:\/\/pacocastroruiz.com\/ca\/blog","title":{"rendered":"BLOG"},"content":{"rendered":"<p>[et_pb_section fb_built=\u00bb1&#8243; fullwidth=\u00bbon\u00bb admin_label=\u00bbHeader\u00bb _builder_version=\u00bb3.22&#8243; use_background_color_gradient=\u00bbon\u00bb background_color_gradient_start=\u00bbrgba(0,0,0,0.02)\u00bb background_color_gradient_end=\u00bb#ffffff\u00bb background_color_gradient_direction=\u00bb163deg\u00bb background_color_gradient_start_position=\u00bb50%\u00bb background_color_gradient_end_position=\u00bb0%\u00bb background_image=\u00bbhttp:\/\/paco.millenium-webs.es\/wp-content\/uploads\/2020\/05\/web-dev-03.png\u00bb parallax=\u00bbon\u00bb animation_style=\u00bbfade\u00bb][et_pb_fullwidth_header title=\u00bbMi Blog\u00bb text_orientation=\u00bbcenter\u00bb content_max_width=\u00bb640px\u00bb _builder_version=\u00bb4.4.4&#8243; title_font=\u00bbLato|900|||||||\u00bb title_font_size=\u00bb40px\u00bb title_line_height=\u00bb1.5em\u00bb content_font=\u00bb||||||||\u00bb content_font_size=\u00bb16px\u00bb content_line_height=\u00bb2em\u00bb background_color=\u00bbrgba(0,0,0,0)\u00bb custom_button_one=\u00bbon\u00bb button_one_text_size=\u00bb14px\u00bb button_one_text_color=\u00bb#ffffff\u00bb button_one_bg_color=\u00bb#0054ff\u00bb button_one_border_width=\u00bb14px\u00bb button_one_border_color=\u00bbrgba(0,0,0,0)\u00bb button_one_border_radius=\u00bb0px\u00bb button_one_letter_spacing=\u00bb2px\u00bb button_one_font=\u00bb|600||on|||||\u00bb button_one_icon=\u00bb%%24%%\u00bb button_one_on_hover=\u00bboff\u00bb custom_button_two=\u00bbon\u00bb button_two_text_size=\u00bb14px\u00bb button_two_text_color=\u00bb#0054ff\u00bb button_two_bg_color=\u00bbrgba(255,255,255,0)\u00bb button_two_border_width=\u00bb12px\u00bb button_two_border_color=\u00bbrgba(0,0,0,0)\u00bb button_two_border_radius=\u00bb0px\u00bb button_two_letter_spacing=\u00bb2px\u00bb button_two_font=\u00bb|600||on|||||\u00bb button_two_icon=\u00bb%%24%%\u00bb button_two_on_hover=\u00bboff\u00bb background_layout=\u00bblight\u00bb custom_margin=\u00bb|||\u00bb custom_padding=\u00bb6vw||6vw||true\u00bb animation_style=\u00bbzoom\u00bb animation_intensity_zoom=\u00bb-5%\u00bb title_font_size_tablet=\u00bb\u00bb title_font_size_phone=\u00bb25px\u00bb title_font_size_last_edited=\u00bbon|desktop\u00bb box_shadow_style_button_two=\u00bbpreset1&#8243; box_shadow_vertical_button_two=\u00bb0px\u00bb box_shadow_blur_button_two=\u00bb0px\u00bb box_shadow_spread_button_two=\u00bb2px\u00bb box_shadow_color_button_two=\u00bb#0054ff\u00bb button_one_letter_spacing_hover=\u00bb2px\u00bb button_two_letter_spacing_hover=\u00bb2px\u00bb button_one_text_size__hover_enabled=\u00bboff\u00bb button_two_text_size__hover_enabled=\u00bboff\u00bb button_one_text_color__hover_enabled=\u00bboff\u00bb button_two_text_color__hover_enabled=\u00bboff\u00bb button_one_border_width__hover_enabled=\u00bboff\u00bb button_two_border_width__hover_enabled=\u00bboff\u00bb button_one_border_color__hover_enabled=\u00bboff\u00bb button_two_border_color__hover_enabled=\u00bboff\u00bb button_one_border_radius__hover_enabled=\u00bboff\u00bb button_two_border_radius__hover_enabled=\u00bboff\u00bb button_one_letter_spacing__hover_enabled=\u00bbon\u00bb button_one_letter_spacing__hover=\u00bb2px\u00bb button_two_letter_spacing__hover_enabled=\u00bbon\u00bb button_two_letter_spacing__hover=\u00bb2px\u00bb button_one_bg_color__hover_enabled=\u00bboff\u00bb button_two_bg_color__hover_enabled=\u00bboff\u00bb]<\/p>\n<p>Aqu\u00ed podr\u00e1s estar al d\u00eda de todos los talleres y actividades que voy manteniendo, as\u00ed como los que tengo programados para d\u00edas pr\u00f3ximos.<\/p>\n<p>&nbsp;<\/p>\n<p>[\/et_pb_fullwidth_header][\/et_pb_section][et_pb_section fb_built=\u00bb1&#8243; _builder_version=\u00bb4.4.4&#8243;][et_pb_row _builder_version=\u00bb4.4.4&#8243;][et_pb_column _builder_version=\u00bb4.4.4&#8243; type=\u00bb4_4&#8243;][et_pb_image src=\u00bbhttp:\/\/pacocastroruiz.com\/wp-content\/uploads\/2020\/05\/web-en-construccion.jpg\u00bb _builder_version=\u00bb4.4.4&#8243; title_text=\u00bbweb-en-construccion\u00bb hover_enabled=\u00bb0&#8243;][\/et_pb_image][\/et_pb_column][\/et_pb_row][\/et_pb_section][et_pb_section fb_built=\u00bb1&#8243; admin_label=\u00bbBlog\u00bb _builder_version=\u00bb3.22&#8243; hover_enabled=\u00bb0&#8243;][et_pb_row column_structure=\u00bb3_5,2_5&#8243; make_equal=\u00bbon\u00bb _builder_version=\u00bb3.25&#8243;][et_pb_column type=\u00bb3_5&#8243; _builder_version=\u00bb3.25&#8243; custom_padding=\u00bb|||\u00bb custom_padding__hover=\u00bb|||\u00bb][et_pb_text _builder_version=\u00bb3.27.4&#8243; text_font=\u00bb||||||||\u00bb header_font=\u00bb||||||||\u00bb header_2_font=\u00bb|600||on|||||\u00bb header_2_text_color=\u00bb#0054ff\u00bb header_2_font_size=\u00bb16px\u00bb header_2_letter_spacing=\u00bb3px\u00bb header_2_line_height=\u00bb1.8em\u00bb header_3_font=\u00bb||||||||\u00bb locked=\u00bboff\u00bb]<\/p>\n<h2>For Developers<\/h2>\n<p>[\/et_pb_text][et_pb_blog fullwidth=\u00bboff\u00bb posts_number=\u00bb2&#8243; show_author=\u00bboff\u00bb show_date=\u00bboff\u00bb show_categories=\u00bboff\u00bb _builder_version=\u00bb3.14&#8243; header_font=\u00bbLato|700|||||||\u00bb header_font_size=\u00bb16px\u00bb header_line_height=\u00bb1.8em\u00bb body_font=\u00bb||||||||\u00bb body_line_height=\u00bb2em\u00bb meta_font=\u00bb||||||||\u00bb meta_text_color=\u00bbrgba(0,0,0,0.4)\u00bb meta_font_size=\u00bb12px\u00bb pagination_font=\u00bb|600||on|||||\u00bb pagination_text_color=\u00bb#ff454e\u00bb pagination_font_size=\u00bb12px\u00bb pagination_letter_spacing=\u00bb2px\u00bb hover_enabled=\u00bb0&#8243; border_color_all=\u00bbrgba(0,0,0,0)\u00bb box_shadow_style=\u00bbpreset1&#8243; box_shadow_blur=\u00bb80px\u00bb box_shadow_spread=\u00bb25px\u00bb box_shadow_color=\u00bbrgba(12,113,195,0.07)\u00bb locked=\u00bboff\u00bb][\/et_pb_blog][\/et_pb_column][et_pb_column type=\u00bb2_5&#8243; _builder_version=\u00bb3.25&#8243; custom_padding=\u00bb|||\u00bb custom_padding__hover=\u00bb|||\u00bb][et_pb_text _builder_version=\u00bb3.27.4&#8243; text_font=\u00bb||||||||\u00bb header_font=\u00bb||||||||\u00bb header_2_font=\u00bb|600||on|||||\u00bb header_2_text_color=\u00bb#0054ff\u00bb header_2_font_size=\u00bb16px\u00bb header_2_letter_spacing=\u00bb3px\u00bb header_2_line_height=\u00bb1.8em\u00bb header_3_font=\u00bb||||||||\u00bb locked=\u00bboff\u00bb]<\/p>\n<h2>For Designers<\/h2>\n<p>[\/et_pb_text][et_pb_blog fullwidth=\u00bboff\u00bb posts_number=\u00bb2&#8243; show_author=\u00bboff\u00bb show_date=\u00bboff\u00bb show_categories=\u00bboff\u00bb show_pagination=\u00bboff\u00bb _builder_version=\u00bb3.14&#8243; header_font=\u00bbLato|700|||||||\u00bb header_font_size=\u00bb16px\u00bb header_line_height=\u00bb1.8em\u00bb body_font=\u00bb||||||||\u00bb body_line_height=\u00bb2em\u00bb meta_font=\u00bb||||||||\u00bb meta_text_color=\u00bbrgba(0,0,0,0.4)\u00bb meta_font_size=\u00bb12px\u00bb pagination_font=\u00bb||||||||\u00bb border_color_all=\u00bbrgba(0,0,0,0)\u00bb box_shadow_style=\u00bbpreset1&#8243; box_shadow_blur=\u00bb80px\u00bb box_shadow_spread=\u00bb25px\u00bb box_shadow_color=\u00bbrgba(12,113,195,0.07)\u00bb][\/et_pb_blog][\/et_pb_column][\/et_pb_row][et_pb_row column_structure=\u00bb1_2,1_2&#8243; _builder_version=\u00bb3.25&#8243; custom_margin=\u00bb60px||60px||true\u00bb border_color_all=\u00bbrgba(0,0,0,0.12)\u00bb border_width_top=\u00bb1px\u00bb][et_pb_column type=\u00bb1_2&#8243; _builder_version=\u00bb3.25&#8243; custom_padding=\u00bb|||\u00bb custom_padding__hover=\u00bb|||\u00bb][et_pb_text _builder_version=\u00bb3.27.4&#8243; text_font=\u00bb||||||||\u00bb header_font=\u00bb||||||||\u00bb header_2_font=\u00bb|600||on|||||\u00bb header_2_text_color=\u00bb#0054ff\u00bb header_2_font_size=\u00bb16px\u00bb header_2_letter_spacing=\u00bb3px\u00bb header_2_line_height=\u00bb1.8em\u00bb header_3_font=\u00bb||||||||\u00bb locked=\u00bboff\u00bb]<\/p>\n<h2>SEO<\/h2>\n<p>[\/et_pb_text][et_pb_blog fullwidth=\u00bboff\u00bb posts_number=\u00bb1&#8243; show_author=\u00bboff\u00bb show_date=\u00bboff\u00bb show_categories=\u00bboff\u00bb _builder_version=\u00bb3.14&#8243; header_font=\u00bbLato|700|||||||\u00bb header_font_size=\u00bb16px\u00bb header_line_height=\u00bb1.8em\u00bb body_font=\u00bb||||||||\u00bb body_line_height=\u00bb2em\u00bb meta_font=\u00bb||||||||\u00bb meta_text_color=\u00bbrgba(0,0,0,0.4)\u00bb meta_font_size=\u00bb12px\u00bb pagination_font=\u00bb|600||on|||||\u00bb pagination_text_color=\u00bb#ff454e\u00bb pagination_font_size=\u00bb12px\u00bb pagination_letter_spacing=\u00bb2px\u00bb border_color_all=\u00bbrgba(0,0,0,0)\u00bb box_shadow_style=\u00bbpreset1&#8243; box_shadow_blur=\u00bb80px\u00bb box_shadow_spread=\u00bb25px\u00bb box_shadow_color=\u00bbrgba(12,113,195,0.07)\u00bb][\/et_pb_blog][\/et_pb_column][et_pb_column type=\u00bb1_2&#8243; _builder_version=\u00bb3.25&#8243; custom_padding=\u00bb|||\u00bb custom_padding__hover=\u00bb|||\u00bb][et_pb_text _builder_version=\u00bb3.27.4&#8243; text_font=\u00bb||||||||\u00bb header_font=\u00bb||||||||\u00bb header_2_font=\u00bb|600||on|||||\u00bb header_2_text_color=\u00bb#0054ff\u00bb header_2_font_size=\u00bb16px\u00bb header_2_letter_spacing=\u00bb3px\u00bb header_2_line_height=\u00bb1.8em\u00bb header_3_font=\u00bb||||||||\u00bb locked=\u00bboff\u00bb]<\/p>\n<h2>Social Media<\/h2>\n<p>[\/et_pb_text][et_pb_blog fullwidth=\u00bboff\u00bb posts_number=\u00bb1&#8243; show_author=\u00bboff\u00bb show_date=\u00bboff\u00bb show_categories=\u00bboff\u00bb _builder_version=\u00bb3.14&#8243; header_font=\u00bbLato|700|||||||\u00bb header_font_size=\u00bb16px\u00bb header_line_height=\u00bb1.8em\u00bb body_font=\u00bb||||||||\u00bb body_line_height=\u00bb2em\u00bb meta_font=\u00bb||||||||\u00bb meta_text_color=\u00bbrgba(0,0,0,0.4)\u00bb meta_font_size=\u00bb12px\u00bb pagination_font=\u00bb|600||on|||||\u00bb pagination_text_color=\u00bb#ff454e\u00bb pagination_font_size=\u00bb12px\u00bb pagination_letter_spacing=\u00bb2px\u00bb border_color_all=\u00bbrgba(0,0,0,0)\u00bb box_shadow_style=\u00bbpreset1&#8243; box_shadow_blur=\u00bb80px\u00bb box_shadow_spread=\u00bb25px\u00bb box_shadow_color=\u00bbrgba(12,113,195,0.07)\u00bb locked=\u00bboff\u00bb][\/et_pb_blog][\/et_pb_column][\/et_pb_row][\/et_pb_section][et_pb_section fb_built=\u00bb1&#8243; _builder_version=\u00bb3.22&#8243; background_color=\u00bb#f5f6f9&#8243; background_image=\u00bbhttp:\/\/paco.millenium-webs.es\/wp-content\/uploads\/2020\/05\/web-dev-24.png\u00bb parallax=\u00bbon\u00bb custom_margin=\u00bb|||\u00bb custom_padding=\u00bb6vw||6vw||true\u00bb][et_pb_row _builder_version=\u00bb3.25&#8243;][et_pb_column type=\u00bb4_4&#8243; _builder_version=\u00bb3.25&#8243; custom_padding=\u00bb|||\u00bb custom_padding__hover=\u00bb|||\u00bb][et_pb_text _builder_version=\u00bb4.4.4&#8243; text_font=\u00bb||||||||\u00bb text_line_height=\u00bb2em\u00bb header_font=\u00bb||||||||\u00bb header_3_font=\u00bbLato|900|||||||\u00bb header_3_font_size=\u00bb35px\u00bb header_3_line_height=\u00bb1.5em\u00bb header_4_font=\u00bbLato|700||on|||||\u00bb header_4_text_color=\u00bbrgba(12,12,12,0.27)\u00bb header_4_font_size=\u00bb13px\u00bb header_4_letter_spacing=\u00bb3px\u00bb header_4_line_height=\u00bb1.8em\u00bb text_orientation=\u00bbcenter\u00bb max_width=\u00bb700px\u00bb module_alignment=\u00bbcenter\u00bb header_3_font_size_tablet=\u00bb\u00bb header_3_font_size_phone=\u00bb25px\u00bb header_3_font_size_last_edited=\u00bbon|desktop\u00bb locked=\u00bboff\u00bb]<\/p>\n<h4>Suscribirse<\/h4>\n<h3>Recibir Noticias<\/h3>\n<p>[\/et_pb_text][et_pb_signup mailchimp_list=\u00bbelegantthemestest|26e9af0331&#8243; layout=\u00bbtop_bottom\u00bb name_field=\u00bbon\u00bb _builder_version=\u00bb3.23&#8243; form_field_font=\u00bbOpen Sans||||||||\u00bb form_field_line_height=\u00bb2em\u00bb use_background_color=\u00bboff\u00bb custom_button=\u00bbon\u00bb button_text_size=\u00bb14px\u00bb button_text_color=\u00bb#ffffff\u00bb button_bg_color=\u00bb#0054ff\u00bb button_border_width=\u00bb14px\u00bb button_border_color=\u00bbrgba(0,0,0,0)\u00bb button_border_radius=\u00bb0px\u00bb button_letter_spacing=\u00bb2px\u00bb button_font=\u00bb|600||on|||||\u00bb button_icon=\u00bb%%24%%\u00bb button_on_hover=\u00bboff\u00bb text_orientation=\u00bbcenter\u00bb max_width=\u00bb700px\u00bb module_alignment=\u00bbcenter\u00bb border_radii_fields=\u00bbon|0px|0px|0px|0px\u00bb button_letter_spacing_hover=\u00bb2px\u00bb button_text_size__hover_enabled=\u00bboff\u00bb button_one_text_size__hover_enabled=\u00bboff\u00bb button_two_text_size__hover_enabled=\u00bboff\u00bb button_text_color__hover_enabled=\u00bboff\u00bb button_one_text_color__hover_enabled=\u00bboff\u00bb button_two_text_color__hover_enabled=\u00bboff\u00bb button_border_width__hover_enabled=\u00bboff\u00bb button_one_border_width__hover_enabled=\u00bboff\u00bb button_two_border_width__hover_enabled=\u00bboff\u00bb button_border_color__hover_enabled=\u00bboff\u00bb button_one_border_color__hover_enabled=\u00bboff\u00bb button_two_border_color__hover_enabled=\u00bboff\u00bb button_border_radius__hover_enabled=\u00bboff\u00bb button_one_border_radius__hover_enabled=\u00bboff\u00bb button_two_border_radius__hover_enabled=\u00bboff\u00bb button_letter_spacing__hover_enabled=\u00bbon\u00bb button_letter_spacing__hover=\u00bb2px\u00bb button_one_letter_spacing__hover_enabled=\u00bboff\u00bb button_two_letter_spacing__hover_enabled=\u00bboff\u00bb button_bg_color__hover_enabled=\u00bboff\u00bb button_one_bg_color__hover_enabled=\u00bboff\u00bb button_two_bg_color__hover_enabled=\u00bboff\u00bb][\/et_pb_signup][et_pb_social_media_follow _builder_version=\u00bb4.4.4&#8243; text_orientation=\u00bbcenter\u00bb filter_invert=\u00bb100%\u00bb locked=\u00bboff\u00bb][et_pb_social_media_follow_network social_network=\u00bbfacebook\u00bb _builder_version=\u00bb3.14&#8243; custom_margin=\u00bb6px|6px|6px|6px|true|true\u00bb custom_padding=\u00bb12px|12px|12px|12px|true|true\u00bb border_radii=\u00bbon|100px|100px|100px|100px\u00bb border_width_all=\u00bb3px\u00bb border_color_all=\u00bbrgba(255,255,255,0.12)\u00bb follow_button=\u00bboff\u00bb url_new_window=\u00bbon\u00bb]facebook[\/et_pb_social_media_follow_network][et_pb_social_media_follow_network social_network=\u00bbtwitter\u00bb _builder_version=\u00bb3.14&#8243; custom_margin=\u00bb6px|6px|6px|6px|true|true\u00bb custom_padding=\u00bb12px|12px|12px|12px|true|true\u00bb border_radii=\u00bbon|100px|100px|100px|100px\u00bb border_width_all=\u00bb3px\u00bb border_color_all=\u00bbrgba(255,255,255,0.12)\u00bb follow_button=\u00bboff\u00bb url_new_window=\u00bbon\u00bb]twitter[\/et_pb_social_media_follow_network][et_pb_social_media_follow_network social_network=\u00bbinstagram\u00bb _builder_version=\u00bb3.14&#8243; custom_margin=\u00bb6px|6px|6px|6px|true|true\u00bb custom_padding=\u00bb12px|12px|12px|12px|true|true\u00bb border_radii=\u00bbon|100px|100px|100px|100px\u00bb border_width_all=\u00bb3px\u00bb border_color_all=\u00bbrgba(255,255,255,0.12)\u00bb follow_button=\u00bboff\u00bb url_new_window=\u00bbon\u00bb]instagram[\/et_pb_social_media_follow_network][\/et_pb_social_media_follow][\/et_pb_column][\/et_pb_row][\/et_pb_section]<\/p>\n","protected":false},"excerpt":{"rendered":"<p>Aqu\u00ed podr\u00e1s estar al d\u00eda de todos los talleres y actividades que voy manteniendo, as\u00ed como los que tengo programados para d\u00edas pr\u00f3ximos. &nbsp;For DevelopersFor DesignersSEOSocial MediaSuscribirse Recibir Noticias<\/p>","protected":false},"author":1,"featured_media":0,"parent":0,"menu_order":4,"comment_status":"closed","ping_status":"closed","template":"","meta":{"_et_pb_use_builder":"on","_et_pb_old_content":"","_et_gb_content_width":"","footnotes":""},"class_list":["post-324","page","type-page","status-publish","hentry"],"yoast_head":"<!-- This site is optimized with the Yoast SEO plugin v27.1.1 - https:\/\/yoast.com\/product\/yoast-seo-wordpress\/ -->\n<title>BLOG - PACO<\/title>\n<meta name=\"robots\" content=\"index, follow, max-snippet:-1, max-image-preview:large, max-video-preview:-1\" \/>\n<link rel=\"canonical\" href=\"https:\/\/pacocastroruiz.com\/ca\/blog\/\" \/>\n<meta property=\"og:locale\" content=\"ca_ES\" \/>\n<meta property=\"og:type\" content=\"article\" \/>\n<meta property=\"og:title\" content=\"BLOG - PACO\" \/>\n<meta property=\"og:description\" content=\"Aqu\u00ed podr\u00e1s estar al d\u00eda de todos los talleres y actividades que voy manteniendo, as\u00ed como los que tengo programados para d\u00edas pr\u00f3ximos. &nbsp;For DevelopersFor DesignersSEOSocial MediaSuscribirse Recibir Noticias\" \/>\n<meta property=\"og:url\" content=\"https:\/\/pacocastroruiz.com\/ca\/blog\/\" \/>\n<meta property=\"og:site_name\" content=\"PACO\" \/>\n<meta property=\"article:modified_time\" content=\"2020-05-15T08:57:28+00:00\" \/>\n<meta name=\"twitter:card\" content=\"summary_large_image\" \/>\n<meta name=\"twitter:label1\" content=\"Temps estimat de lectura\" \/>\n\t<meta name=\"twitter:data1\" content=\"8 minuts\" \/>\n<script type=\"application\/ld+json\" class=\"yoast-schema-graph\">{\"@context\":\"https:\/\/schema.org\",\"@graph\":[{\"@type\":\"WebPage\",\"@id\":\"https:\/\/pacocastroruiz.com\/blog\",\"url\":\"https:\/\/pacocastroruiz.com\/blog\",\"name\":\"BLOG - PACO\",\"isPartOf\":{\"@id\":\"https:\/\/pacocastroruiz.com\/#website\"},\"datePublished\":\"2020-04-15T22:01:08+00:00\",\"dateModified\":\"2020-05-15T08:57:28+00:00\",\"breadcrumb\":{\"@id\":\"https:\/\/pacocastroruiz.com\/blog#breadcrumb\"},\"inLanguage\":\"ca\",\"potentialAction\":[{\"@type\":\"ReadAction\",\"target\":[\"https:\/\/pacocastroruiz.com\/blog\"]}]},{\"@type\":\"BreadcrumbList\",\"@id\":\"https:\/\/pacocastroruiz.com\/blog#breadcrumb\",\"itemListElement\":[{\"@type\":\"ListItem\",\"position\":1,\"name\":\"Portada\",\"item\":\"https:\/\/pacocastroruiz.com\/\"},{\"@type\":\"ListItem\",\"position\":2,\"name\":\"BLOG\"}]},{\"@type\":\"WebSite\",\"@id\":\"https:\/\/pacocastroruiz.com\/#website\",\"url\":\"https:\/\/pacocastroruiz.com\/\",\"name\":\"PACO\",\"description\":\"Paco Castro Ru\u00edz\",\"potentialAction\":[{\"@type\":\"SearchAction\",\"target\":{\"@type\":\"EntryPoint\",\"urlTemplate\":\"https:\/\/pacocastroruiz.com\/?s={search_term_string}\"},\"query-input\":{\"@type\":\"PropertyValueSpecification\",\"valueRequired\":true,\"valueName\":\"search_term_string\"}}],\"inLanguage\":\"ca\"}]}<\/script>\n<!-- \/ Yoast SEO plugin. -->","yoast_head_json":{"title":"BLOG - PACO","robots":{"index":"index","follow":"follow","max-snippet":"max-snippet:-1","max-image-preview":"max-image-preview:large","max-video-preview":"max-video-preview:-1"},"canonical":"https:\/\/pacocastroruiz.com\/ca\/blog\/","og_locale":"ca_ES","og_type":"article","og_title":"BLOG - PACO","og_description":"Aqu\u00ed podr\u00e1s estar al d\u00eda de todos los talleres y actividades que voy manteniendo, as\u00ed como los que tengo programados para d\u00edas pr\u00f3ximos. &nbsp;For DevelopersFor DesignersSEOSocial MediaSuscribirse Recibir Noticias","og_url":"https:\/\/pacocastroruiz.com\/ca\/blog\/","og_site_name":"PACO","article_modified_time":"2020-05-15T08:57:28+00:00","twitter_card":"summary_large_image","twitter_misc":{"Temps estimat de lectura":"8 minuts"},"schema":{"@context":"https:\/\/schema.org","@graph":[{"@type":"WebPage","@id":"https:\/\/pacocastroruiz.com\/blog","url":"https:\/\/pacocastroruiz.com\/blog","name":"BLOG - PACO","isPartOf":{"@id":"https:\/\/pacocastroruiz.com\/#website"},"datePublished":"2020-04-15T22:01:08+00:00","dateModified":"2020-05-15T08:57:28+00:00","breadcrumb":{"@id":"https:\/\/pacocastroruiz.com\/blog#breadcrumb"},"inLanguage":"ca","potentialAction":[{"@type":"ReadAction","target":["https:\/\/pacocastroruiz.com\/blog"]}]},{"@type":"BreadcrumbList","@id":"https:\/\/pacocastroruiz.com\/blog#breadcrumb","itemListElement":[{"@type":"ListItem","position":1,"name":"Portada","item":"https:\/\/pacocastroruiz.com\/"},{"@type":"ListItem","position":2,"name":"BLOG"}]},{"@type":"WebSite","@id":"https:\/\/pacocastroruiz.com\/#website","url":"https:\/\/pacocastroruiz.com\/","name":"PACO","description":"Paco Castro Ru\u00edz","potentialAction":[{"@type":"SearchAction","target":{"@type":"EntryPoint","urlTemplate":"https:\/\/pacocastroruiz.com\/?s={search_term_string}"},"query-input":{"@type":"PropertyValueSpecification","valueRequired":true,"valueName":"search_term_string"}}],"inLanguage":"ca"}]}},"_links":{"self":[{"href":"https:\/\/pacocastroruiz.com\/ca\/wp-json\/wp\/v2\/pages\/324","targetHints":{"allow":["GET"]}}],"collection":[{"href":"https:\/\/pacocastroruiz.com\/ca\/wp-json\/wp\/v2\/pages"}],"about":[{"href":"https:\/\/pacocastroruiz.com\/ca\/wp-json\/wp\/v2\/types\/page"}],"author":[{"embeddable":true,"href":"https:\/\/pacocastroruiz.com\/ca\/wp-json\/wp\/v2\/users\/1"}],"replies":[{"embeddable":true,"href":"https:\/\/pacocastroruiz.com\/ca\/wp-json\/wp\/v2\/comments?post=324"}],"version-history":[{"count":6,"href":"https:\/\/pacocastroruiz.com\/ca\/wp-json\/wp\/v2\/pages\/324\/revisions"}],"predecessor-version":[{"id":1202,"href":"https:\/\/pacocastroruiz.com\/ca\/wp-json\/wp\/v2\/pages\/324\/revisions\/1202"}],"wp:attachment":[{"href":"https:\/\/pacocastroruiz.com\/ca\/wp-json\/wp\/v2\/media?parent=324"}],"curies":[{"name":"wp","href":"https:\/\/api.w.org\/{rel}","templated":true}]}}