{"id":1337,"date":"2020-06-03T23:16:53","date_gmt":"2020-06-03T23:16:53","guid":{"rendered":"http:\/\/pacocastroruiz.com\/?page_id=1337"},"modified":"2026-03-10T09:14:48","modified_gmt":"2026-03-10T09:14:48","slug":"workshops","status":"publish","type":"page","link":"https:\/\/pacocastroruiz.com\/ca\/workshops","title":{"rendered":"WORKSHOPS"},"content":{"rendered":"<p>[et_pb_section fb_built=\u00bb1&#8243; admin_label=\u00bbHero Section\u00bb _builder_version=\u00bb4.16&#8243; use_background_color_gradient=\u00bbon\u00bb background_color_gradient_direction=\u00bb90deg\u00bb background_color_gradient_stops=\u00bb#f4f0e9 30%|rgba(244,240,233,0) 100%\u00bb background_color_gradient_overlays_image=\u00bbon\u00bb background_color_gradient_start=\u00bb#f4f0e9&#8243; background_color_gradient_start_position=\u00bb30%\u00bb background_color_gradient_end=\u00bbrgba(244,240,233,0)\u00bb background_image=\u00bbhttp:\/\/pacocastroruiz.com\/wp-content\/uploads\/2020\/06\/pexels-photo-4108769.jpeg\u00bb custom_margin=\u00bb|||\u00bb custom_padding=\u00bb14%|0px|14%|0px\u00bb global_colors_info=\u00bb{}\u00bb][et_pb_row custom_padding_last_edited=\u00bboff|desktop\u00bb admin_label=\u00bbHero Area\u00bb _builder_version=\u00bb4.16&#8243; custom_padding=\u00bb27px|0px|0px|0px\u00bb global_colors_info=\u00bb{}\u00bb][et_pb_column type=\u00bb4_4&#8243; _builder_version=\u00bb4.16&#8243; custom_padding=\u00bb|||\u00bb global_colors_info=\u00bb{}\u00bb custom_padding__hover=\u00bb|||\u00bb][et_pb_text admin_label=\u00bbHero Title\u00bb _builder_version=\u00bb4.16&#8243; text_font=\u00bbPlayfair Display||||||||\u00bb header_font=\u00bbAlice||||||||\u00bb header_font_size=\u00bb120px\u00bb header_letter_spacing=\u00bb-3px\u00bb header_line_height=\u00bb1.1em\u00bb animation_style=\u00bbslide\u00bb animation_direction=\u00bbleft\u00bb animation_intensity_slide=\u00bb5%\u00bb animation_starting_opacity=\u00bb100%\u00bb text_font_size_last_edited=\u00bboff|desktop\u00bb header_font_size_tablet=\u00bb\u00bb header_font_size_phone=\u00bb60px\u00bb header_font_size_last_edited=\u00bbon|phone\u00bb global_colors_info=\u00bb{}\u00bb]<\/p>\n<h1>Workshops<\/h1>\n<p>[\/et_pb_text][et_pb_text _builder_version=\u00bb4.16&#8243; text_font=\u00bb||||||||\u00bb text_font_size=\u00bb18px\u00bb text_line_height=\u00bb1.8em\u00bb header_font=\u00bb||||||||\u00bb max_width=\u00bb500px\u00bb custom_margin=\u00bb|||\u00bb custom_padding=\u00bb||10px|\u00bb animation_style=\u00bbslide\u00bb animation_direction=\u00bbleft\u00bb animation_intensity_slide=\u00bb5%\u00bb animation_starting_opacity=\u00bb100%\u00bb global_colors_info=\u00bb{}\u00bb]<\/p>\n<p>Aqu\u00ed puedes consultar la \u00faltima informaci\u00f3n acerca de nuestros pr\u00f3ximos eventos. Ap\u00fantate y comparte tus experiencias con nosotros.<\/p>\n<p>[\/et_pb_text][\/et_pb_column][\/et_pb_row][\/et_pb_section][et_pb_section fb_built=\u00bb1&#8243; admin_label=\u00bbPromo Banner\u00bb _builder_version=\u00bb4.16&#8243; background_color=\u00bb#959d93&#8243; custom_padding=\u00bb0px|0px|0px|0px\u00bb global_colors_info=\u00bb{}\u00bb][et_pb_row _builder_version=\u00bb4.16&#8243; global_colors_info=\u00bb{}\u00bb][et_pb_column type=\u00bb4_4&#8243; _builder_version=\u00bb4.16&#8243; custom_padding=\u00bb|||\u00bb global_colors_info=\u00bb{}\u00bb custom_padding__hover=\u00bb|||\u00bb][et_pb_text _builder_version=\u00bb4.16&#8243; text_font=\u00bb||||||||\u00bb text_font_size=\u00bb16px\u00bb link_font=\u00bb|600|||on||||\u00bb link_text_color=\u00bbrgba(12,12,12,0.59)\u00bb header_font=\u00bb||||||||\u00bb header_2_font=\u00bbAlice||||||||\u00bb header_2_line_height=\u00bb1.5em\u00bb text_orientation=\u00bbcenter\u00bb background_layout=\u00bbdark\u00bb global_colors_info=\u00bb{}\u00bb]<\/p>\n<h2><b>Pr\u00f3ximos eventos<\/b><\/h2>\n<p>&nbsp;<\/p>\n<p>[\/et_pb_text][\/et_pb_column][\/et_pb_row][\/et_pb_section][et_pb_section fb_built=\u00bb1&#8243; admin_label=\u00bbOur Specialties Section\u00bb _builder_version=\u00bb4.16&#8243; custom_padding=\u00bb110px||110px|\u00bb global_colors_info=\u00bb{}\u00bb][et_pb_row admin_label=\u00bbTitle Area\u00bb _builder_version=\u00bb4.16&#8243; global_colors_info=\u00bb{}\u00bb][et_pb_column type=\u00bb4_4&#8243; _builder_version=\u00bb4.16&#8243; custom_padding=\u00bb|||\u00bb global_colors_info=\u00bb{}\u00bb custom_padding__hover=\u00bb|||\u00bb][et_pb_text admin_label=\u00bbTitle\u00bb _builder_version=\u00bb4.16&#8243; text_font=\u00bb||||||||\u00bb header_font=\u00bb||||||||\u00bb header_2_font=\u00bbAlice||||||||\u00bb header_2_text_align=\u00bbcenter\u00bb header_2_font_size=\u00bb42px\u00bb header_2_line_height=\u00bb1.3em\u00bb custom_margin=\u00bb||20px|\u00bb animation_style=\u00bbslide\u00bb animation_direction=\u00bbtop\u00bb animation_intensity_slide=\u00bb30%\u00bb animation_starting_opacity=\u00bb100%\u00bb global_colors_info=\u00bb{}\u00bb]<\/p>\n<h2>Calendario<\/h2>\n<p>[\/et_pb_text][et_pb_divider color=\u00bb#2a2a2a\u00bb divider_weight=\u00bb3px\u00bb _builder_version=\u00bb4.16&#8243; max_width=\u00bb50px\u00bb module_alignment=\u00bbcenter\u00bb custom_margin=\u00bb||10px|\u00bb animation_style=\u00bbslide\u00bb animation_direction=\u00bbtop\u00bb animation_intensity_slide=\u00bb30%\u00bb animation_starting_opacity=\u00bb100%\u00bb global_colors_info=\u00bb{}\u00bb][\/et_pb_divider][\/et_pb_column][\/et_pb_row][et_pb_row _builder_version=\u00bb4.16&#8243; global_colors_info=\u00bb{}\u00bb][et_pb_column type=\u00bb4_4&#8243; _builder_version=\u00bb4.16&#8243; global_colors_info=\u00bb{}\u00bb][et_pb_text _builder_version=\u00bb4.27.4&#8243; text_font_size=\u00bb16px\u00bb text_line_height=\u00bb1.8em\u00bb global_colors_info=\u00bb{}\u00bb]<\/p>\n<p style=\"text-align: center;\">DOMINGO 1 DE FEBRERO &#8211; BARCELONA<\/p>\n<p>[\/et_pb_text][et_pb_text _builder_version=\u00bb4.27.4&#8243; global_colors_info=\u00bb{}\u00bb]<\/p>\n<p style=\"text-align: center;\"><a href=\"http:\/\/pacocastroruiz.com\/wp-content\/uploads\/2026\/02\/Workshop-2026_01.pdf\" rel=\"attachment wp-att-1919\"><\/a><a href=\"http:\/\/pacocastroruiz.com\/wp-content\/uploads\/2026\/02\/Workshop-2026_02.pdf\" rel=\"attachment wp-att-1922\">Workshop 2026_02<\/a><a href=\"http:\/\/pacocastroruiz.com\/wp-content\/uploads\/2021\/06\/Workshop-2021_07_1.pdf\" rel=\"attachment wp-att-1727\"><\/a><\/p>\n<p>[\/et_pb_text][et_pb_text _builder_version=\u00bb4.27.4&#8243; text_font_size=\u00bb16px\u00bb text_line_height=\u00bb1.8em\u00bb global_colors_info=\u00bb{}\u00bb]<\/p>\n<p style=\"text-align: center;\">DOMINGO 1 DE MARZO &#8211; BARCELONA<\/p>\n<p>[\/et_pb_text][et_pb_text _builder_version=\u00bb4.27.4&#8243; global_colors_info=\u00bb{}\u00bb]<\/p>\n<p style=\"text-align: center;\"><a href=\"http:\/\/pacocastroruiz.com\/wp-content\/uploads\/2026\/02\/Workshop-2026_03-1.pdf\" rel=\"attachment wp-att-1924\">Workshop 2026_03<\/a><a href=\"http:\/\/pacocastroruiz.com\/wp-content\/uploads\/2021\/06\/Workshop-2021_07_1.pdf\" rel=\"attachment wp-att-1727\"><\/a><\/p>\n<p>[\/et_pb_text][et_pb_text _builder_version=\u00bb4.27.4&#8243; text_font_size=\u00bb16px\u00bb text_line_height=\u00bb1.8em\u00bb hover_enabled=\u00bb0&#8243; global_colors_info=\u00bb{}\u00bb sticky_enabled=\u00bb0&#8243;]<\/p>\n<p style=\"text-align: center;\">DOMINGO 29 DE MARZO &#8211; BARCELONA<\/p>\n<p>[\/et_pb_text][et_pb_text _builder_version=\u00bb4.27.4&#8243; hover_enabled=\u00bb0&#8243; global_colors_info=\u00bb{}\u00bb sticky_enabled=\u00bb0&#8243;]<\/p>\n<p style=\"text-align: center;\"><a href=\"http:\/\/pacocastroruiz.com\/wp-content\/uploads\/2026\/02\/Workshop-2026_03-1.pdf\" rel=\"attachment wp-att-1924\"><\/a><a href=\"https:\/\/pacocastroruiz.com\/wp-content\/uploads\/2026\/02\/Workshop-2026_03-1.pdf\" rel=\"attachment wp-att-1924\">Workshop 2026_03<\/a><a href=\"http:\/\/pacocastroruiz.com\/wp-content\/uploads\/2021\/06\/Workshop-2021_07_1.pdf\" rel=\"attachment wp-att-1727\"><\/a><\/p>\n<p>[\/et_pb_text][\/et_pb_column][\/et_pb_row][\/et_pb_section][et_pb_section fb_built=\u00bb1&#8243; admin_label=\u00bbSpecial Offer Section\u00bb _builder_version=\u00bb4.16&#8243; background_color=\u00bb#e7efef\u00bb use_background_color_gradient=\u00bbon\u00bb background_color_gradient_direction=\u00bb90deg\u00bb background_color_gradient_stops=\u00bbrgba(235,235,235,0) 0%|#ebebeb 70%\u00bb background_color_gradient_overlays_image=\u00bbon\u00bb background_color_gradient_start=\u00bbrgba(235,235,235,0)\u00bb background_color_gradient_end=\u00bb#ebebeb\u00bb background_color_gradient_end_position=\u00bb70%\u00bb background_image=\u00bbhttp:\/\/pacocastroruiz.com\/wp-content\/uploads\/2020\/06\/florist-02-1.jpg\u00bb custom_padding=\u00bb12%|0px|10%|0px\u00bb global_colors_info=\u00bb{}\u00bb][et_pb_row column_structure=\u00bb2_3,1_3&#8243; admin_label=\u00bbRow\u00bb _builder_version=\u00bb4.16&#8243; global_colors_info=\u00bb{}\u00bb][et_pb_column type=\u00bb2_3&#8243; _builder_version=\u00bb4.16&#8243; custom_padding=\u00bb|||\u00bb global_colors_info=\u00bb{}\u00bb custom_padding__hover=\u00bb|||\u00bb][\/et_pb_column][et_pb_column type=\u00bb1_3&#8243; _builder_version=\u00bb4.16&#8243; custom_padding=\u00bb|||\u00bb global_colors_info=\u00bb{}\u00bb custom_padding__hover=\u00bb|||\u00bb][et_pb_text _builder_version=\u00bb4.16&#8243; text_font=\u00bb|700|||||||\u00bb text_text_color=\u00bb#2a2a2a\u00bb text_font_size=\u00bb80px\u00bb text_line_height=\u00bb1.3em\u00bb custom_margin=\u00bb||0px|\u00bb custom_padding=\u00bb|||\u00bb animation_style=\u00bbfold\u00bb animation_direction=\u00bbbottom\u00bb animation_starting_opacity=\u00bb100%\u00bb global_colors_info=\u00bb{}\u00bb]<\/p>\n<p>Gracias<\/p>\n<p>[\/et_pb_text][et_pb_text _builder_version=\u00bb4.16&#8243; text_font=\u00bb||||||||\u00bb text_font_size=\u00bb16px\u00bb text_line_height=\u00bb1.8em\u00bb custom_margin=\u00bb|||\u00bb custom_padding=\u00bb|||\u00bb animation_style=\u00bbslide\u00bb animation_direction=\u00bbleft\u00bb animation_intensity_slide=\u00bb5%\u00bb animation_starting_opacity=\u00bb100%\u00bb global_colors_info=\u00bb{}\u00bb]<\/p>\n<p>A todos los que, en cada sesi\u00f3n, hac\u00e9is posible que podamos aprender a ser felices.<\/p>\n<p>[\/et_pb_text][\/et_pb_column][\/et_pb_row][\/et_pb_section]<\/p>\n","protected":false},"excerpt":{"rendered":"<p>WorkshopsAqu\u00ed puedes consultar la \u00faltima informaci\u00f3n acerca de nuestros pr\u00f3ximos eventos. Ap\u00fantate y comparte tus experiencias con nosotros.Pr\u00f3ximos eventos &nbsp;CalendarioDOMINGO 1 DE FEBRERO &#8211; BARCELONAWorkshop 2026_02DOMINGO 1 DE MARZO &#8211; BARCELONAWorkshop 2026_03DOMINGO 29 DE MARZO &#8211; BARCELONAWorkshop 2026_03GraciasA todos los que, en cada sesi\u00f3n, hac\u00e9is posible que podamos aprender a ser felices.<\/p>","protected":false},"author":1,"featured_media":0,"parent":0,"menu_order":0,"comment_status":"closed","ping_status":"closed","template":"","meta":{"_et_pb_use_builder":"on","_et_pb_old_content":"","_et_gb_content_width":"","footnotes":""},"class_list":["post-1337","page","type-page","status-publish","hentry"],"yoast_head":"<!-- This site is optimized with the Yoast SEO plugin v27.1.1 - https:\/\/yoast.com\/product\/yoast-seo-wordpress\/ -->\n<title>WORKSHOPS - PACO<\/title>\n<meta name=\"robots\" content=\"index, follow, max-snippet:-1, max-image-preview:large, max-video-preview:-1\" \/>\n<link rel=\"canonical\" href=\"https:\/\/pacocastroruiz.com\/ca\/workshops\/\" \/>\n<meta property=\"og:locale\" content=\"ca_ES\" \/>\n<meta property=\"og:type\" content=\"article\" \/>\n<meta property=\"og:title\" content=\"WORKSHOPS - PACO\" \/>\n<meta property=\"og:description\" content=\"WorkshopsAqu\u00ed puedes consultar la \u00faltima informaci\u00f3n acerca de nuestros pr\u00f3ximos eventos. Ap\u00fantate y comparte tus experiencias con nosotros.Pr\u00f3ximos eventos &nbsp;CalendarioDOMINGO 1 DE FEBRERO - BARCELONAWorkshop 2026_02DOMINGO 1 DE MARZO - BARCELONAWorkshop 2026_03DOMINGO 29 DE MARZO - BARCELONAWorkshop 2026_03GraciasA todos los que, en cada sesi\u00f3n, hac\u00e9is posible que podamos aprender a ser felices.\" \/>\n<meta property=\"og:url\" content=\"https:\/\/pacocastroruiz.com\/ca\/workshops\/\" \/>\n<meta property=\"og:site_name\" content=\"PACO\" \/>\n<meta property=\"article:modified_time\" content=\"2026-03-10T09:14:48+00:00\" \/>\n<meta name=\"twitter:card\" content=\"summary_large_image\" \/>\n<meta name=\"twitter:label1\" content=\"Temps estimat de lectura\" \/>\n\t<meta name=\"twitter:data1\" content=\"4 minuts\" \/>\n<script type=\"application\/ld+json\" class=\"yoast-schema-graph\">{\"@context\":\"https:\/\/schema.org\",\"@graph\":[{\"@type\":\"WebPage\",\"@id\":\"https:\/\/pacocastroruiz.com\/workshops\",\"url\":\"https:\/\/pacocastroruiz.com\/workshops\",\"name\":\"WORKSHOPS - PACO\",\"isPartOf\":{\"@id\":\"https:\/\/pacocastroruiz.com\/#website\"},\"datePublished\":\"2020-06-03T23:16:53+00:00\",\"dateModified\":\"2026-03-10T09:14:48+00:00\",\"breadcrumb\":{\"@id\":\"https:\/\/pacocastroruiz.com\/workshops#breadcrumb\"},\"inLanguage\":\"ca\",\"potentialAction\":[{\"@type\":\"ReadAction\",\"target\":[\"https:\/\/pacocastroruiz.com\/workshops\"]}]},{\"@type\":\"BreadcrumbList\",\"@id\":\"https:\/\/pacocastroruiz.com\/workshops#breadcrumb\",\"itemListElement\":[{\"@type\":\"ListItem\",\"position\":1,\"name\":\"Portada\",\"item\":\"https:\/\/pacocastroruiz.com\/\"},{\"@type\":\"ListItem\",\"position\":2,\"name\":\"WORKSHOPS\"}]},{\"@type\":\"WebSite\",\"@id\":\"https:\/\/pacocastroruiz.com\/#website\",\"url\":\"https:\/\/pacocastroruiz.com\/\",\"name\":\"PACO\",\"description\":\"Paco Castro Ru\u00edz\",\"potentialAction\":[{\"@type\":\"SearchAction\",\"target\":{\"@type\":\"EntryPoint\",\"urlTemplate\":\"https:\/\/pacocastroruiz.com\/?s={search_term_string}\"},\"query-input\":{\"@type\":\"PropertyValueSpecification\",\"valueRequired\":true,\"valueName\":\"search_term_string\"}}],\"inLanguage\":\"ca\"}]}<\/script>\n<!-- \/ Yoast SEO plugin. -->","yoast_head_json":{"title":"WORKSHOPS - PACO","robots":{"index":"index","follow":"follow","max-snippet":"max-snippet:-1","max-image-preview":"max-image-preview:large","max-video-preview":"max-video-preview:-1"},"canonical":"https:\/\/pacocastroruiz.com\/ca\/workshops\/","og_locale":"ca_ES","og_type":"article","og_title":"WORKSHOPS - PACO","og_description":"WorkshopsAqu\u00ed puedes consultar la \u00faltima informaci\u00f3n acerca de nuestros pr\u00f3ximos eventos. Ap\u00fantate y comparte tus experiencias con nosotros.Pr\u00f3ximos eventos &nbsp;CalendarioDOMINGO 1 DE FEBRERO - BARCELONAWorkshop 2026_02DOMINGO 1 DE MARZO - BARCELONAWorkshop 2026_03DOMINGO 29 DE MARZO - BARCELONAWorkshop 2026_03GraciasA todos los que, en cada sesi\u00f3n, hac\u00e9is posible que podamos aprender a ser felices.","og_url":"https:\/\/pacocastroruiz.com\/ca\/workshops\/","og_site_name":"PACO","article_modified_time":"2026-03-10T09:14:48+00:00","twitter_card":"summary_large_image","twitter_misc":{"Temps estimat de lectura":"4 minuts"},"schema":{"@context":"https:\/\/schema.org","@graph":[{"@type":"WebPage","@id":"https:\/\/pacocastroruiz.com\/workshops","url":"https:\/\/pacocastroruiz.com\/workshops","name":"WORKSHOPS - PACO","isPartOf":{"@id":"https:\/\/pacocastroruiz.com\/#website"},"datePublished":"2020-06-03T23:16:53+00:00","dateModified":"2026-03-10T09:14:48+00:00","breadcrumb":{"@id":"https:\/\/pacocastroruiz.com\/workshops#breadcrumb"},"inLanguage":"ca","potentialAction":[{"@type":"ReadAction","target":["https:\/\/pacocastroruiz.com\/workshops"]}]},{"@type":"BreadcrumbList","@id":"https:\/\/pacocastroruiz.com\/workshops#breadcrumb","itemListElement":[{"@type":"ListItem","position":1,"name":"Portada","item":"https:\/\/pacocastroruiz.com\/"},{"@type":"ListItem","position":2,"name":"WORKSHOPS"}]},{"@type":"WebSite","@id":"https:\/\/pacocastroruiz.com\/#website","url":"https:\/\/pacocastroruiz.com\/","name":"PACO","description":"Paco Castro Ru\u00edz","potentialAction":[{"@type":"SearchAction","target":{"@type":"EntryPoint","urlTemplate":"https:\/\/pacocastroruiz.com\/?s={search_term_string}"},"query-input":{"@type":"PropertyValueSpecification","valueRequired":true,"valueName":"search_term_string"}}],"inLanguage":"ca"}]}},"_links":{"self":[{"href":"https:\/\/pacocastroruiz.com\/ca\/wp-json\/wp\/v2\/pages\/1337","targetHints":{"allow":["GET"]}}],"collection":[{"href":"https:\/\/pacocastroruiz.com\/ca\/wp-json\/wp\/v2\/pages"}],"about":[{"href":"https:\/\/pacocastroruiz.com\/ca\/wp-json\/wp\/v2\/types\/page"}],"author":[{"embeddable":true,"href":"https:\/\/pacocastroruiz.com\/ca\/wp-json\/wp\/v2\/users\/1"}],"replies":[{"embeddable":true,"href":"https:\/\/pacocastroruiz.com\/ca\/wp-json\/wp\/v2\/comments?post=1337"}],"version-history":[{"count":94,"href":"https:\/\/pacocastroruiz.com\/ca\/wp-json\/wp\/v2\/pages\/1337\/revisions"}],"predecessor-version":[{"id":1963,"href":"https:\/\/pacocastroruiz.com\/ca\/wp-json\/wp\/v2\/pages\/1337\/revisions\/1963"}],"wp:attachment":[{"href":"https:\/\/pacocastroruiz.com\/ca\/wp-json\/wp\/v2\/media?parent=1337"}],"curies":[{"name":"wp","href":"https:\/\/api.w.org\/{rel}","templated":true}]}}